{"id":186,"date":"2022-11-30T14:32:29","date_gmt":"2022-11-30T14:32:29","guid":{"rendered":"https:\/\/test.akparnanen.com\/?page_id=186"},"modified":"2023-04-27T13:11:06","modified_gmt":"2023-04-27T13:11:06","slug":"pomppis","status":"publish","type":"page","link":"https:\/\/test.akparnanen.com\/?page_id=186","title":{"rendered":"Pomppis"},"content":{"rendered":"\n<div class=\"wp-container-3 wp-block-columns\">\n<div class=\"wp-container-1 wp-block-column\">\n<p>P\u00e4iv\u00e4koti Pomppis toimii Jumesniemen koulun ja kyl\u00e4salin tiloissa. Pomppis tarjoaa laadukasta ja hyv\u00e4\u00e4, kodinomaista varhaiskasvatusta.&nbsp;<\/p>\n\n\n\n<p>P\u00e4iv\u00e4kodin erityiset painotukset liikunta ja luonto, n\u00e4kyv\u00e4t toiminnassa viikoittain toteutettavina luontoretkin\u00e4, erilaisina liikuntahetkin\u00e4, lysti- ja leikkitunteina sek\u00e4 muuna aktiivisena tekemisen\u00e4 arjessa lasten kanssa. Luonnossa liikkumisen lis\u00e4ksi p\u00e4iv\u00e4kodin sijainti mahdollistaa retki\u00e4 kyl\u00e4n ja l\u00e4hialueen maatiloille.&nbsp;<\/p>\n\n\n\n<p><a href=\"https:\/\/www.paivakotipomppis.fi\/\">www.paivakotipomppis.fi<\/a><\/p>\n<\/div>\n\n\n\n<div class=\"wp-container-2 wp-block-column\"><div class=\"wp-block-image\">\n<figure class=\"aligncenter size-large\"><img loading=\"lazy\" width=\"1024\" height=\"768\" src=\"https:\/\/test.akparnanen.com\/wp-content\/uploads\/sites\/4\/2022\/12\/Leikkialue-1024x768.jpg\" alt=\"\" class=\"wp-image-223\" srcset=\"https:\/\/test.akparnanen.com\/wp-content\/uploads\/sites\/4\/2022\/12\/Leikkialue-1024x768.jpg 1024w, https:\/\/test.akparnanen.com\/wp-content\/uploads\/sites\/4\/2022\/12\/Leikkialue-300x225.jpg 300w, https:\/\/test.akparnanen.com\/wp-content\/uploads\/sites\/4\/2022\/12\/Leikkialue-768x576.jpg 768w, https:\/\/test.akparnanen.com\/wp-content\/uploads\/sites\/4\/2022\/12\/Leikkialue-1536x1152.jpg 1536w, https:\/\/test.akparnanen.com\/wp-content\/uploads\/sites\/4\/2022\/12\/Leikkialue.jpg 2016w\" sizes=\"(max-width: 1024px) 100vw, 1024px\" \/><\/figure><\/div><\/div>\n<\/div>\n","protected":false},"excerpt":{"rendered":"<p>P\u00e4iv\u00e4koti Pomppis toimii Jumesniemen koulun ja kyl\u00e4salin tiloissa. Pomppis tarjoaa laadukasta ja hyv\u00e4\u00e4, kodinomaista varhaiskasvatusta.&nbsp; P\u00e4iv\u00e4kodin erityiset painotukset liikunta ja luonto, n\u00e4kyv\u00e4t toiminnassa viikoittain toteutettavina luontoretkin\u00e4, erilaisina liikuntahetkin\u00e4, lysti- ja leikkitunteina sek\u00e4 muuna aktiivisena tekemisen\u00e4 arjessa lasten kanssa. Luonnossa liikkumisen lis\u00e4ksi p\u00e4iv\u00e4kodin sijainti mahdollistaa retki\u00e4 kyl\u00e4n ja l\u00e4hialueen maatiloille.&nbsp; www.paivakotipomppis.fi<\/p>\n","protected":false},"author":1,"featured_media":223,"parent":0,"menu_order":0,"comment_status":"closed","ping_status":"closed","template":"","meta":[],"_links":{"self":[{"href":"https:\/\/test.akparnanen.com\/index.php?rest_route=\/wp\/v2\/pages\/186"}],"collection":[{"href":"https:\/\/test.akparnanen.com\/index.php?rest_route=\/wp\/v2\/pages"}],"about":[{"href":"https:\/\/test.akparnanen.com\/index.php?rest_route=\/wp\/v2\/types\/page"}],"author":[{"embeddable":true,"href":"https:\/\/test.akparnanen.com\/index.php?rest_route=\/wp\/v2\/users\/1"}],"replies":[{"embeddable":true,"href":"https:\/\/test.akparnanen.com\/index.php?rest_route=%2Fwp%2Fv2%2Fcomments&post=186"}],"version-history":[{"count":8,"href":"https:\/\/test.akparnanen.com\/index.php?rest_route=\/wp\/v2\/pages\/186\/revisions"}],"predecessor-version":[{"id":251,"href":"https:\/\/test.akparnanen.com\/index.php?rest_route=\/wp\/v2\/pages\/186\/revisions\/251"}],"wp:featuredmedia":[{"embeddable":true,"href":"https:\/\/test.akparnanen.com\/index.php?rest_route=\/wp\/v2\/media\/223"}],"wp:attachment":[{"href":"https:\/\/test.akparnanen.com\/index.php?rest_route=%2Fwp%2Fv2%2Fmedia&parent=186"}],"curies":[{"name":"wp","href":"https:\/\/api.w.org\/{rel}","templated":true}]}}