{"id":19,"date":"2022-06-14T12:50:44","date_gmt":"2022-06-14T12:50:44","guid":{"rendered":"https:\/\/test.akparnanen.com\/?page_id=19"},"modified":"2022-12-07T13:03:12","modified_gmt":"2022-12-07T13:03:12","slug":"etusivu","status":"publish","type":"page","link":"https:\/\/test.akparnanen.com\/","title":{"rendered":"Tervetuloa Jumesniemeen!"},"content":{"rendered":"\n<p>Kyl\u00e4mme sijaitsee H\u00e4meenkyr\u00f6n kunnassa, l\u00e4hell\u00e4 Nokian sek\u00e4 Sastamalan kaupungin rajoja. Porin tielt\u00e4 Jumesniemeen on vain 4 kilometri\u00e4, Tampereen keskustaan matkaa 30 minuutissa.<\/p>\n\n\n\n<p>Jumesniemi on virke\u00e4 kyl\u00e4 keskell\u00e4 idyllisint\u00e4 maaseutua ja upeita kyr\u00f6l\u00e4ismaisemia. T\u00e4ydellinen paikka heille, jotka arvostavat mahtavien maisemien lis\u00e4ksi turvallista kasvuymp\u00e4rist\u00f6\u00e4, omaa rauhaa sek\u00e4 sujuvaa ty\u00f6ss\u00e4k\u00e4ynti\u00e4 kaupunkiseudulla.<\/p>\n\n\n\n<p>Yhteis\u00f6llisyytt\u00e4 kaipaavalle on s\u00e4hly\u00e4, jumppaa, kerhotoimintaa sek\u00e4 monia muita vuosittaisia tapahtumia. Jumesniemen yhdistykset toivottavat kaikki halukkaat l\u00e4mpim\u00e4sti mukaan toimintaansa. <a href=\"https:\/\/www.facebook.com\/jumesniemi\/?ref=aymt_homepage_panel\">Jumesniemi<\/a>&nbsp;ja&nbsp;<a href=\"https:\/\/www.facebook.com\/jumesniemenryhmis\/?fref=ts\">Jumesniemen Pomppis<\/a>&nbsp;my\u00f6s Facebookissa ja Instagramissa. Sivujen selaus ei vaadi sis\u00e4\u00e4nkirjautumista.<\/p>\n\n\n\n<div style=\"height:1.6rem\" aria-hidden=\"true\" class=\"wp-block-spacer\"><\/div>\n\n\n\n<div class=\"wp-block-media-text alignwide is-stacked-on-mobile\"><figure class=\"wp-block-media-text__media\"><img loading=\"lazy\" width=\"957\" height=\"723\" src=\"https:\/\/test.akparnanen.com\/wp-content\/uploads\/sites\/4\/2022\/11\/Jumesniemen-maalaismarkkinat-1.png\" alt=\"\" class=\"wp-image-182 size-full\" srcset=\"https:\/\/test.akparnanen.com\/wp-content\/uploads\/sites\/4\/2022\/11\/Jumesniemen-maalaismarkkinat-1.png 957w, https:\/\/test.akparnanen.com\/wp-content\/uploads\/sites\/4\/2022\/11\/Jumesniemen-maalaismarkkinat-1-300x227.png 300w, https:\/\/test.akparnanen.com\/wp-content\/uploads\/sites\/4\/2022\/11\/Jumesniemen-maalaismarkkinat-1-768x580.png 768w\" sizes=\"(max-width: 957px) 100vw, 957px\" \/><\/figure><div class=\"wp-block-media-text__content\">\n<p>Quisque sagittis nisi sapien, vitae elementum neque lobortis ut. Sed non sem purus. Nunc ultricies blandit quam, ut rutrum tortor placerat et. Mauris nec sapien at tortor sodales hendrerit a ut ex. <a href=\"https:\/\/test.akparnanen.com\/?page_id=66\" data-type=\"page\" data-id=\"66\">Lue lis\u00e4\u00e4&#8230;<\/a><\/p>\n<\/div><\/div>\n\n\n\n<div class=\"wp-block-media-text alignwide is-stacked-on-mobile\"><figure class=\"wp-block-media-text__media\"><img loading=\"lazy\" width=\"1024\" height=\"768\" src=\"https:\/\/test.akparnanen.com\/wp-content\/uploads\/sites\/4\/2022\/11\/paakuva-20220430_174802_s-1024x768.jpg\" alt=\"\" class=\"wp-image-193 size-full\" srcset=\"https:\/\/test.akparnanen.com\/wp-content\/uploads\/sites\/4\/2022\/11\/paakuva-20220430_174802_s-1024x768.jpg 1024w, https:\/\/test.akparnanen.com\/wp-content\/uploads\/sites\/4\/2022\/11\/paakuva-20220430_174802_s-300x225.jpg 300w, https:\/\/test.akparnanen.com\/wp-content\/uploads\/sites\/4\/2022\/11\/paakuva-20220430_174802_s-768x576.jpg 768w, https:\/\/test.akparnanen.com\/wp-content\/uploads\/sites\/4\/2022\/11\/paakuva-20220430_174802_s-1536x1152.jpg 1536w, https:\/\/test.akparnanen.com\/wp-content\/uploads\/sites\/4\/2022\/11\/paakuva-20220430_174802_s.jpg 2000w\" sizes=\"(max-width: 1024px) 100vw, 1024px\" \/><\/figure><div class=\"wp-block-media-text__content\">\n<p>Quisque sagittis nisi sapien, vitae elementum neque lobortis ut. Sed non sem purus. Nunc ultricies blandit quam, ut rutrum tortor placerat et. Mauris nec sapien at tortor sodales hendrerit a ut ex. <a href=\"https:\/\/test.akparnanen.com\/?page_id=68\" data-type=\"page\" data-id=\"68\">Lue lis\u00e4\u00e4&#8230;<\/a><\/p>\n<\/div><\/div>\n","protected":false},"excerpt":{"rendered":"<p>Kyl\u00e4mme sijaitsee H\u00e4meenkyr\u00f6n kunnassa, l\u00e4hell\u00e4 Nokian sek\u00e4 Sastamalan kaupungin rajoja. Porin tielt\u00e4 Jumesniemeen on vain 4 kilometri\u00e4, Tampereen keskustaan matkaa 30 minuutissa. Jumesniemi on virke\u00e4 kyl\u00e4 keskell\u00e4 idyllisint\u00e4 maaseutua ja upeita kyr\u00f6l\u00e4ismaisemia. T\u00e4ydellinen paikka heille, jotka arvostavat mahtavien maisemien lis\u00e4ksi turvallista kasvuymp\u00e4rist\u00f6\u00e4, omaa rauhaa sek\u00e4 sujuvaa ty\u00f6ss\u00e4k\u00e4ynti\u00e4 kaupunkiseudulla. Yhteis\u00f6llisyytt\u00e4 kaipaavalle on s\u00e4hly\u00e4, jumppaa, kerhotoimintaa sek\u00e4 [&hellip;]<\/p>\n","protected":false},"author":1,"featured_media":0,"parent":0,"menu_order":0,"comment_status":"closed","ping_status":"closed","template":"","meta":[],"_links":{"self":[{"href":"https:\/\/test.akparnanen.com\/index.php?rest_route=\/wp\/v2\/pages\/19"}],"collection":[{"href":"https:\/\/test.akparnanen.com\/index.php?rest_route=\/wp\/v2\/pages"}],"about":[{"href":"https:\/\/test.akparnanen.com\/index.php?rest_route=\/wp\/v2\/types\/page"}],"author":[{"embeddable":true,"href":"https:\/\/test.akparnanen.com\/index.php?rest_route=\/wp\/v2\/users\/1"}],"replies":[{"embeddable":true,"href":"https:\/\/test.akparnanen.com\/index.php?rest_route=%2Fwp%2Fv2%2Fcomments&post=19"}],"version-history":[{"count":21,"href":"https:\/\/test.akparnanen.com\/index.php?rest_route=\/wp\/v2\/pages\/19\/revisions"}],"predecessor-version":[{"id":227,"href":"https:\/\/test.akparnanen.com\/index.php?rest_route=\/wp\/v2\/pages\/19\/revisions\/227"}],"wp:attachment":[{"href":"https:\/\/test.akparnanen.com\/index.php?rest_route=%2Fwp%2Fv2%2Fmedia&parent=19"}],"curies":[{"name":"wp","href":"https:\/\/api.w.org\/{rel}","templated":true}]}}