{"id":42,"date":"2022-06-15T12:02:36","date_gmt":"2022-06-15T12:02:36","guid":{"rendered":"https:\/\/test.akparnanen.com\/?page_id=42"},"modified":"2023-02-08T11:38:22","modified_gmt":"2023-02-08T11:38:22","slug":"historia","status":"publish","type":"page","link":"https:\/\/test.akparnanen.com\/?page_id=42","title":{"rendered":"Jumesniemen historiaa"},"content":{"rendered":"\n<p>H\u00e4meenkyr\u00f6ss\u00e4, Jumesniemen kyl\u00e4ss\u00e4 on harvinainen n\u00e4ht\u00e4vyys, joka k\u00e4tkee sis\u00e4\u00e4ns\u00e4 ainutlaatuisen tarinan. Maamme ensimm\u00e4inen suomenkielinen koulu oli viel\u00e4 vuoden 2014 lakkautukseen asti ainoa Pohjoismaissa toiminut kirkkokoulu.<\/p>\n\n\n\n<p>Koulun lakkauttaminen ei saanut kyl\u00e4l\u00e4isi\u00e4 kuitenkaan luovuttamaan. Lasten \u00e4\u00e4ni kuuluu koululla nykyisin Lysti ry:n yll\u00e4pit\u00e4m\u00e4n p\u00e4iv\u00e4koti Pomppiksen kautta. Koulun vieress\u00e4 sijaitseva, talkoovoimin rakennettu kyl\u00e4talo toimii lasten ja aikuisten liikuntasalina, kokoontumis- ja juhlapaikkana. Samassa milj\u00f6\u00f6ss\u00e4 on lis\u00e4ksi urheilukentt\u00e4, joka j\u00e4\u00e4dytet\u00e4\u00e4n talveksi j\u00e4\u00e4kiekkokaukaloksi. Hiihtolatu kiert\u00e4\u00e4 koulun maastossa. P\u00e4iv\u00e4kodin p\u00e4\u00e4painona onkin luonto ja liikunta.<\/p>\n\n\n\n<p>Kyl\u00e4n historian keski\u00f6ss\u00e4 on kiistatta Adam Sasslinin vuonna 1847 perustama kirkkokoulu. Koulu on Suomen ensimm\u00e4inen suomenkielinen kansakoulu, johon olivat tervetulleita kaikki lapset kaikista yhteiskuntaluokista. Kirkkokoulu on my\u00f6s ensimm\u00e4isen\u00e4 kouluna Suomessa tarjonnut ilmaisen kouluruoan kaikille koulun oppilaille. K\u00f6yhimm\u00e4t oppilaat saivat lis\u00e4ksi vaaterahaa, jotta pystyiv\u00e4t k\u00e4ym\u00e4\u00e4n koulussa.<br><br>Nobelistimme F.E. Sillanp\u00e4\u00e4 on my\u00f6s aloittanut koulutiens\u00e4 Jumesniemess\u00e4. Kyl\u00e4lt\u00e4mme l\u00f6ytyv\u00e4t my\u00f6s K\u00e4rjen hautakarmi sek\u00e4 Lehtiniemen rautakautinen kalmisto.<\/p>\n\n\n\n<h2>Koulun perustaja halusi suomalaisen koulun<\/h2>\n\n\n\n<p>Adam Heikki Sasslin (1795-1849) perusti Jumesniemen kirkkokoulun, joka avattiin 1848. Suomalaisuusaatteen eteenp\u00e4in viej\u00e4n\u00e4 Sasslinin teot olivat aikakaudella eritt\u00e4in rohkeita. Ruotsinkielisen ylivallan ja Ven\u00e4j\u00e4n suuriruhtinaskunnan monitahoisen politiikan keskell\u00e4 h\u00e4n ajoi rohkeasti suomenkielisen koulutuksen tavoitteita.<\/p>\n\n\n\n<p>Sasslinin tie koulunperustajaksi kulki Sasin kyl\u00e4st\u00e4 laajan liiketoiminnan kautta Jumesniemeen.<\/p>\n\n\n\n<h2>Miten saada koulu kyl\u00e4lle?<\/h2>\n\n\n\n<p>1840-luvulla kansallisen her\u00e4tyksen aikaan Adamilla alkoi orastaa vakava ajatus koulun perustamisesta. H\u00e4n ryhtyi tuumasta toimeen. Aatu oli niin innoissaan uudesta toimesta, ett\u00e4 keskeytti pihassaan rakennusvaiheessa olevan asuinrakennuksen rakentamisen. H\u00e4n pelk\u00e4si, ettei senaatti v\u00e4ltt\u00e4m\u00e4tt\u00e4 antaisi lupaa koulun rakentamiseksi. Pelkojensa keskell\u00e4 Aatu keksi, ett\u00e4 jos kouluhankkeen toteutuminen osoittautuisi ep\u00e4varmaksi, niin se olisi piilotettava suuremman yrityksen taakse. P\u00e4\u00e4asiallisesti olisi puhuttava kirkosta. Koulu menisi ehk\u00e4 kuin huomaamatta siin\u00e4 sivussa. Kirkkoajatusta puolusti my\u00f6skin Jumesniemen kulmakunnan eristetty syrj\u00e4isyys. Aatu suunnitteli, ett\u00e4 kun h\u00e4n saisi virkaan papin, opettajaa ei tarvittaisi. Kirkon kustannuksiin h\u00e4n k\u00e4ytt\u00e4isi my\u00f6s suuriruhtinaalle tarkoitettujen kymmenen uljaan hevosen arvon. &#8221;Olihan Jumala korkeampi kuin keisari&#8221;. Aatun sanat kaikuivat taas pit\u00e4j\u00e4ll\u00e4: &#8221;Kun ei keisarille kelpaa, niin kyll\u00e4 Jumalalle kelpaa.&#8221;<\/p>\n\n\n\n<p>Suomen Senaatti suostui Sasslinien anomukseen pitk\u00e4n odotuksen j\u00e4lkeen. Koulun ja rukoushuoneen perustamisp\u00e4\u00e4t\u00f6s annettiin 27. marraskuuta 1847, vajaan vuoden odotuksen j\u00e4lkeen. P\u00e4\u00e4t\u00f6ksen lis\u00e4ksi tuli erilliset asetukset. Aatu oli tyytyv\u00e4inen ja lausahti: &#8221;Kauan olen t\u00e4t\u00e4 p\u00e4iv\u00e4\u00e4 varronnut pelj\u00e4ten p\u00e4\u00e4ni kaatuvan n\u00e4kem\u00e4tt\u00e4 itse hedelmi\u00e4 toimituksistani&#8221;. Aatun laitokset eiv\u00e4t voineet heti aloittaa toimintaa, sill\u00e4 kirkosta puuttui viel\u00e4 pappi ja opettaja. My\u00f6s tilat olivat keskener\u00e4iset.<\/p>\n\n\n\n<p>Kun kirkko ja koulu p\u00e4\u00e4siv\u00e4t toimimaan, Aatu oli silminn\u00e4hden tyytyv\u00e4inen.<\/p>\n\n\n\n<p>Jumesniemen koulun historiassa sit\u00e4 on uhannut lakkauttaminen monina vuosina. Viimeisen kerran koulussa soi suvivirsi koulun oppilaiden laulamana kev\u00e4\u00e4ll\u00e4 2014.<\/p>\n\n\n\n<figure class=\"wp-block-image size-full\"><img loading=\"lazy\" width=\"600\" height=\"342\" src=\"https:\/\/test.akparnanen.com\/wp-content\/uploads\/sites\/4\/2022\/06\/image1.jpg\" alt=\"\" class=\"wp-image-53\" srcset=\"https:\/\/test.akparnanen.com\/wp-content\/uploads\/sites\/4\/2022\/06\/image1.jpg 600w, https:\/\/test.akparnanen.com\/wp-content\/uploads\/sites\/4\/2022\/06\/image1-300x171.jpg 300w\" sizes=\"(max-width: 600px) 100vw, 600px\" \/><figcaption>Kuvassa koulu 1880-luvulla<\/figcaption><\/figure>\n","protected":false},"excerpt":{"rendered":"<p>H\u00e4meenkyr\u00f6ss\u00e4, Jumesniemen kyl\u00e4ss\u00e4 on harvinainen n\u00e4ht\u00e4vyys, joka k\u00e4tkee sis\u00e4\u00e4ns\u00e4 ainutlaatuisen tarinan. Maamme ensimm\u00e4inen suomenkielinen koulu oli viel\u00e4 vuoden 2014 lakkautukseen asti ainoa Pohjoismaissa toiminut kirkkokoulu. Koulun lakkauttaminen ei saanut kyl\u00e4l\u00e4isi\u00e4 kuitenkaan luovuttamaan. Lasten \u00e4\u00e4ni kuuluu koululla nykyisin Lysti ry:n yll\u00e4pit\u00e4m\u00e4n p\u00e4iv\u00e4koti Pomppiksen kautta. Koulun vieress\u00e4 sijaitseva, talkoovoimin rakennettu kyl\u00e4talo toimii lasten ja aikuisten liikuntasalina, kokoontumis- [&hellip;]<\/p>\n","protected":false},"author":1,"featured_media":53,"parent":0,"menu_order":0,"comment_status":"closed","ping_status":"closed","template":"","meta":[],"_links":{"self":[{"href":"https:\/\/test.akparnanen.com\/index.php?rest_route=\/wp\/v2\/pages\/42"}],"collection":[{"href":"https:\/\/test.akparnanen.com\/index.php?rest_route=\/wp\/v2\/pages"}],"about":[{"href":"https:\/\/test.akparnanen.com\/index.php?rest_route=\/wp\/v2\/types\/page"}],"author":[{"embeddable":true,"href":"https:\/\/test.akparnanen.com\/index.php?rest_route=\/wp\/v2\/users\/1"}],"replies":[{"embeddable":true,"href":"https:\/\/test.akparnanen.com\/index.php?rest_route=%2Fwp%2Fv2%2Fcomments&post=42"}],"version-history":[{"count":9,"href":"https:\/\/test.akparnanen.com\/index.php?rest_route=\/wp\/v2\/pages\/42\/revisions"}],"predecessor-version":[{"id":85,"href":"https:\/\/test.akparnanen.com\/index.php?rest_route=\/wp\/v2\/pages\/42\/revisions\/85"}],"wp:featuredmedia":[{"embeddable":true,"href":"https:\/\/test.akparnanen.com\/index.php?rest_route=\/wp\/v2\/media\/53"}],"wp:attachment":[{"href":"https:\/\/test.akparnanen.com\/index.php?rest_route=%2Fwp%2Fv2%2Fmedia&parent=42"}],"curies":[{"name":"wp","href":"https:\/\/api.w.org\/{rel}","templated":true}]}}