{"id":68,"date":"2022-06-15T13:27:17","date_gmt":"2022-06-15T13:27:17","guid":{"rendered":"https:\/\/test.akparnanen.com\/?page_id=68"},"modified":"2023-06-07T21:19:44","modified_gmt":"2023-06-07T21:19:44","slug":"kylasalin-vuokraus","status":"publish","type":"page","link":"https:\/\/test.akparnanen.com\/?page_id=68","title":{"rendered":"Kyl\u00e4salin vuokraus"},"content":{"rendered":"\n<p>Perhejuhliin on tarjolla Kyl\u00e4sali-juhlatila kirkkokoulun pihapiiriss\u00e4. Kyl\u00e4salissa on tilaa yli 100 juhlijalle. Kyl\u00e4salin koko on 95 neli\u00f6t\u00e4 ja n\u00e4ytt\u00e4m\u00f6tila 32 neli\u00f6t\u00e4. Lis\u00e4ksi koulun ruokasali 50 neli\u00f6t\u00e4 ja ajanmukainen keitti\u00f6.<\/p>\n\n\n\n<figure class=\"wp-block-table is-style-regular\"><table class=\"has-fixed-layout\"><tbody><tr><td><strong>Vuokrattavat tilat:<\/strong><\/td><td><\/td><\/tr><tr><td>Viikonloppuvuokra (pe klo 17 alkaen &#8211; su klo 15) koko rakennus<br><em>Viikonloppuvuokraus sis\u00e4lt\u00e4\u00e4 2 n\u00e4ytt\u00f6kertaa tiloihin, lis\u00e4n\u00e4yt\u00f6t 50\u20ac\/kerta.<\/em><\/td><td>420\u20ac<\/td><\/tr><tr><td>Iso juhlateltta (6 x 12 m) viikonloppuvuokrauksen lis\u00e4n\u00e4<\/td><td>120\u20ac<\/td><\/tr><tr><td>Vuorokausivuokra 24 h (koko rakennus)<\/td><td>210\u20ac<\/td><\/tr><tr><td>Lyhyt vuokraus, max 6 h (vain keitti\u00f6 ja ruokala)<\/td><td>70\u20ac<\/td><\/tr><tr><td>Lyhyt vuokraus, max 6 h (koko rakennus)<\/td><td>100\u20ac<\/td><\/tr><tr><td>Kirkon vuokra<\/td><td>100\u20ac<\/td><\/tr><tr><td><strong>Astiat:<\/strong><\/td><td><\/td><\/tr><tr><td>Koko astiasto 100 hl\u00f6<\/td><td>60\u20ac<\/td><\/tr><tr><td>Matalat lautaset<\/td><td>20\u20ac<\/td><\/tr><tr><td>Aterimet<\/td><td>10\u20ac<\/td><\/tr><tr><td>Lasit<\/td><td>10\u20ac<\/td><\/tr><tr><td>Kahvikupit<\/td><td>20\u20ac<\/td><\/tr><tr><td>Kahvinkeitin<\/td><td>20\u20ac<\/td><\/tr><tr><td>L\u00e4mp\u00f6pakit<\/td><td>5\u20ac\/kpl<\/td><\/tr><tr><td><strong>Muuta:<\/strong><\/td><td><\/td><\/tr><tr><td>Ulkop\u00f6yd\u00e4t 3 kpl, (levyt + jalat)<\/td><td>30\u20ac<\/td><\/tr><tr><td>Videotykki<\/td><td>20\u20ac<\/td><\/tr><tr><td><strong>Oman kyl\u00e4n asukkaille:<\/strong><\/td><td><\/td><\/tr><tr><td>Kyl\u00e4n yhdistysten ja osakaskuntien kokousmaksu \/ lasten syntym\u00e4p\u00e4iv\u00e4juhlat<\/td><td>20\u20ac<\/td><\/tr><tr><td>Pieni teltta (3&#215;3)<\/td><td>30\u20ac<\/td><\/tr><\/tbody><\/table><\/figure>\n\n\n\n<p>Keitti\u00f6 ei ole vuokraajalle ruoan valmistusta, vaan l\u00e4hinn\u00e4 esillepanoa ja ruoan l\u00e4mmitt\u00e4mist\u00e4 varten. K\u00e4yt\u00f6ss\u00e4 on laitostiskikone, -liesi ja laitoskiertoilmauuni. K\u00e4ytett\u00e4viss\u00e4 on my\u00f6s kellari s\u00e4ilytystilana.<\/p>\n\n\n\n<p>Varauksissa laskutetaan 30% tila- \/ telttavuokrista ennakkoon ja astiat yms. laskutetaan j\u00e4lkik\u00e4teen.<\/p>\n\n\n\n<div style=\"height:2rem\" aria-hidden=\"true\" class=\"wp-block-spacer\"><\/div>\n\n\n\n<p><strong>Lis\u00e4tiedot ja varaukset:<\/strong><br>Terttu Laitila p. 040 541 7619 \/ terttu.laitila@gmail.com<\/p>\n\n\n\n<div style=\"height:4rem\" aria-hidden=\"true\" class=\"wp-block-spacer\"><\/div>\n\n\n\n<figure class=\"wp-container-2 wp-block-gallery-1 wp-block-gallery has-nested-images columns-default is-cropped\">\n<figure class=\"wp-block-image size-large\"><a href=\"https:\/\/test.akparnanen.com\/wp-content\/uploads\/sites\/4\/2022\/12\/Kylasali.jpg\"><img data-id=\"214\"  src=\"https:\/\/test.akparnanen.com\/wp-content\/uploads\/sites\/4\/2022\/12\/Kylasali.jpg\" alt=\"\" class=\"wp-image-214\"\/><\/a><\/figure>\n\n\n\n<figure class=\"wp-block-image size-full\"><a href=\"https:\/\/test.akparnanen.com\/wp-content\/uploads\/sites\/4\/2022\/12\/20220430_174930-scaled.jpg\"><img loading=\"lazy\" width=\"2560\" height=\"1920\" data-id=\"205\"  src=\"https:\/\/test.akparnanen.com\/wp-content\/uploads\/sites\/4\/2022\/12\/20220430_174930-scaled.jpg\" alt=\"\" class=\"wp-image-205\" srcset=\"https:\/\/test.akparnanen.com\/wp-content\/uploads\/sites\/4\/2022\/12\/20220430_174930-scaled.jpg 2560w, https:\/\/test.akparnanen.com\/wp-content\/uploads\/sites\/4\/2022\/12\/20220430_174930-300x225.jpg 300w\" sizes=\"(max-width: 2560px) 100vw, 2560px\" \/><\/a><\/figure>\n\n\n\n<figure class=\"wp-block-image size-full\"><a href=\"https:\/\/test.akparnanen.com\/wp-content\/uploads\/sites\/4\/2022\/12\/Pitopoyta-2-scaled.jpg\"><img loading=\"lazy\" width=\"1920\" height=\"2560\" data-id=\"215\"  src=\"https:\/\/test.akparnanen.com\/wp-content\/uploads\/sites\/4\/2022\/12\/Pitopoyta-2-scaled.jpg\" alt=\"\" class=\"wp-image-215\" srcset=\"https:\/\/test.akparnanen.com\/wp-content\/uploads\/sites\/4\/2022\/12\/Pitopoyta-2-scaled.jpg 1920w, https:\/\/test.akparnanen.com\/wp-content\/uploads\/sites\/4\/2022\/12\/Pitopoyta-2-225x300.jpg 225w\" sizes=\"(max-width: 1920px) 100vw, 1920px\" \/><\/a><\/figure>\n\n\n\n<figure class=\"wp-block-image size-large\"><a href=\"https:\/\/test.akparnanen.com\/wp-content\/uploads\/sites\/4\/2022\/12\/Pitopoyta-3.jpg\"><img data-id=\"212\"  src=\"https:\/\/test.akparnanen.com\/wp-content\/uploads\/sites\/4\/2022\/12\/Pitopoyta-3.jpg\" alt=\"\" class=\"wp-image-212\"\/><\/a><\/figure>\n\n\n\n<figure class=\"wp-block-image size-full\"><a href=\"https:\/\/test.akparnanen.com\/wp-content\/uploads\/sites\/4\/2022\/12\/Pitopoyta-scaled.jpg\"><img loading=\"lazy\" width=\"1920\" height=\"2560\" data-id=\"213\"  src=\"https:\/\/test.akparnanen.com\/wp-content\/uploads\/sites\/4\/2022\/12\/Pitopoyta-scaled.jpg\" alt=\"\" class=\"wp-image-213\" srcset=\"https:\/\/test.akparnanen.com\/wp-content\/uploads\/sites\/4\/2022\/12\/Pitopoyta-scaled.jpg 1920w, https:\/\/test.akparnanen.com\/wp-content\/uploads\/sites\/4\/2022\/12\/Pitopoyta-225x300.jpg 225w\" sizes=\"(max-width: 1920px) 100vw, 1920px\" \/><\/a><\/figure>\n\n\n\n<figure class=\"wp-block-image size-large\"><a href=\"https:\/\/test.akparnanen.com\/wp-content\/uploads\/sites\/4\/2022\/12\/Juhlasali.jpg\"><img data-id=\"211\"  src=\"https:\/\/test.akparnanen.com\/wp-content\/uploads\/sites\/4\/2022\/12\/Juhlasali.jpg\" alt=\"\" class=\"wp-image-211\"\/><\/a><\/figure>\n\n\n\n<figure class=\"wp-block-image size-large\"><a href=\"https:\/\/test.akparnanen.com\/wp-content\/uploads\/sites\/4\/2022\/12\/20220430_174856.jpg\"><img data-id=\"210\"  src=\"https:\/\/test.akparnanen.com\/wp-content\/uploads\/sites\/4\/2022\/12\/20220430_174856.jpg\" alt=\"\" class=\"wp-image-210\"\/><\/a><\/figure>\n\n\n\n<figure class=\"wp-block-image size-large\"><a href=\"https:\/\/test.akparnanen.com\/wp-content\/uploads\/sites\/4\/2022\/12\/20220430_174825.jpg\"><img data-id=\"207\"  src=\"https:\/\/test.akparnanen.com\/wp-content\/uploads\/sites\/4\/2022\/12\/20220430_174825.jpg\" alt=\"\" class=\"wp-image-207\"\/><\/a><\/figure>\n\n\n\n<figure class=\"wp-block-image size-large\"><a href=\"https:\/\/test.akparnanen.com\/wp-content\/uploads\/sites\/4\/2022\/12\/20220430_174859.jpg\"><img data-id=\"208\"  src=\"https:\/\/test.akparnanen.com\/wp-content\/uploads\/sites\/4\/2022\/12\/20220430_174859.jpg\" alt=\"\" class=\"wp-image-208\"\/><\/a><\/figure>\n\n\n\n<figure class=\"wp-block-image size-large\"><a href=\"https:\/\/test.akparnanen.com\/wp-content\/uploads\/sites\/4\/2022\/12\/paakuva-20220430_174802.jpg\"><img data-id=\"209\"  src=\"https:\/\/test.akparnanen.com\/wp-content\/uploads\/sites\/4\/2022\/12\/paakuva-20220430_174802.jpg\" alt=\"\" class=\"wp-image-209\"\/><\/a><\/figure>\n\n\n\n<figure class=\"wp-block-image size-full\"><a href=\"https:\/\/test.akparnanen.com\/wp-content\/uploads\/sites\/4\/2022\/12\/20220430_174924-scaled.jpg\"><img loading=\"lazy\" width=\"2560\" height=\"1920\" data-id=\"206\"  src=\"https:\/\/test.akparnanen.com\/wp-content\/uploads\/sites\/4\/2022\/12\/20220430_174924-scaled.jpg\" alt=\"\" class=\"wp-image-206\" srcset=\"https:\/\/test.akparnanen.com\/wp-content\/uploads\/sites\/4\/2022\/12\/20220430_174924-scaled.jpg 2560w, https:\/\/test.akparnanen.com\/wp-content\/uploads\/sites\/4\/2022\/12\/20220430_174924-300x225.jpg 300w\" sizes=\"(max-width: 2560px) 100vw, 2560px\" \/><\/a><\/figure>\n<\/figure>\n","protected":false},"excerpt":{"rendered":"<p>Perhejuhliin on tarjolla Kyl\u00e4sali-juhlatila kirkkokoulun pihapiiriss\u00e4. Kyl\u00e4salissa on tilaa yli 100 juhlijalle. Kyl\u00e4salin koko on 95 neli\u00f6t\u00e4 ja n\u00e4ytt\u00e4m\u00f6tila 32 neli\u00f6t\u00e4. Lis\u00e4ksi koulun ruokasali 50 neli\u00f6t\u00e4 ja ajanmukainen keitti\u00f6. Vuokrattavat tilat: Viikonloppuvuokra (pe klo 17 alkaen &#8211; su klo 15) koko rakennusViikonloppuvuokraus sis\u00e4lt\u00e4\u00e4 2 n\u00e4ytt\u00f6kertaa tiloihin, lis\u00e4n\u00e4yt\u00f6t 50\u20ac\/kerta. 420\u20ac Iso juhlateltta (6 x 12 m) [&hellip;]<\/p>\n","protected":false},"author":1,"featured_media":208,"parent":0,"menu_order":0,"comment_status":"closed","ping_status":"closed","template":"","meta":[],"_links":{"self":[{"href":"https:\/\/test.akparnanen.com\/index.php?rest_route=\/wp\/v2\/pages\/68"}],"collection":[{"href":"https:\/\/test.akparnanen.com\/index.php?rest_route=\/wp\/v2\/pages"}],"about":[{"href":"https:\/\/test.akparnanen.com\/index.php?rest_route=\/wp\/v2\/types\/page"}],"author":[{"embeddable":true,"href":"https:\/\/test.akparnanen.com\/index.php?rest_route=\/wp\/v2\/users\/1"}],"replies":[{"embeddable":true,"href":"https:\/\/test.akparnanen.com\/index.php?rest_route=%2Fwp%2Fv2%2Fcomments&post=68"}],"version-history":[{"count":38,"href":"https:\/\/test.akparnanen.com\/index.php?rest_route=\/wp\/v2\/pages\/68\/revisions"}],"predecessor-version":[{"id":284,"href":"https:\/\/test.akparnanen.com\/index.php?rest_route=\/wp\/v2\/pages\/68\/revisions\/284"}],"wp:featuredmedia":[{"embeddable":true,"href":"https:\/\/test.akparnanen.com\/index.php?rest_route=\/wp\/v2\/media\/208"}],"wp:attachment":[{"href":"https:\/\/test.akparnanen.com\/index.php?rest_route=%2Fwp%2Fv2%2Fmedia&parent=68"}],"curies":[{"name":"wp","href":"https:\/\/api.w.org\/{rel}","templated":true}]}}